{"id":2317,"date":"2023-03-21T15:03:12","date_gmt":"2023-03-21T14:03:12","guid":{"rendered":"https:\/\/viscoh.de\/?page_id=2317"},"modified":"2025-08-05T13:22:59","modified_gmt":"2025-08-05T11:22:59","slug":"login","status":"publish","type":"page","link":"https:\/\/viscoh.de\/en\/login\/","title":{"rendered":"Login"},"content":{"rendered":"","protected":true},"excerpt":{"rendered":"","protected":true},"author":1,"featured_media":0,"parent":0,"menu_order":0,"comment_status":"closed","ping_status":"closed","template":"","meta":{"inline_featured_image":false,"footnotes":""},"folder":[],"class_list":["post-2317","page","type-page","status-publish","post-password-required","hentry"],"yoast_head":"<!-- This site is optimized with the Yoast SEO plugin v27.4 - https:\/\/yoast.com\/product\/yoast-seo-wordpress\/ -->\n<title>Login - VISCOH\u00a9 | VISCOH, die ultimative Trittschalld\u00e4mmung f\u00fcr schwimmend verlegte Parkettb\u00f6den und Laminatb\u00f6den<\/title>\n<meta name=\"description\" content=\"DOWNLOADS AROUND VISCOH\" \/>\n<meta name=\"robots\" content=\"index, follow, max-snippet:-1, max-image-preview:large, max-video-preview:-1\" \/>\n<link rel=\"canonical\" href=\"https:\/\/viscoh.de\/en\/login\/\" \/>\n<meta property=\"og:locale\" content=\"en_US\" \/>\n<meta property=\"og:type\" content=\"article\" \/>\n<meta property=\"og:title\" content=\"Login - VISCOH\u00a9 | VISCOH, die ultimative Trittschalld\u00e4mmung f\u00fcr schwimmend verlegte Parkettb\u00f6den und Laminatb\u00f6den\" \/>\n<meta property=\"og:description\" content=\"DOWNLOADS AROUND VISCOH\" \/>\n<meta property=\"og:url\" content=\"https:\/\/viscoh.de\/en\/login\/\" \/>\n<meta property=\"og:site_name\" content=\"VISCOH\u00a9 | VISCOH, die ultimative Trittschalld\u00e4mmung f\u00fcr schwimmend verlegte Parkettb\u00f6den und Laminatb\u00f6den\" \/>\n<meta property=\"article:modified_time\" content=\"2025-08-05T11:22:59+00:00\" \/>\n<meta name=\"twitter:card\" content=\"summary_large_image\" \/>\n<meta name=\"twitter:label1\" content=\"Est. reading time\" \/>\n\t<meta name=\"twitter:data1\" content=\"15 minutes\" \/>\n<script type=\"application\/ld+json\" class=\"yoast-schema-graph\">{\"@context\":\"https:\\\/\\\/schema.org\",\"@graph\":[{\"@type\":\"WebPage\",\"@id\":\"https:\\\/\\\/viscoh.de\\\/en\\\/login\\\/\",\"url\":\"https:\\\/\\\/viscoh.de\\\/en\\\/login\\\/\",\"name\":\"Login - VISCOH\u00a9 | VISCOH, die ultimative Trittschalld\u00e4mmung f\u00fcr schwimmend verlegte Parkettb\u00f6den und Laminatb\u00f6den\",\"isPartOf\":{\"@id\":\"https:\\\/\\\/viscoh.de\\\/#website\"},\"datePublished\":\"2023-03-21T14:03:12+00:00\",\"dateModified\":\"2025-08-05T11:22:59+00:00\",\"breadcrumb\":{\"@id\":\"https:\\\/\\\/viscoh.de\\\/en\\\/login\\\/#breadcrumb\"},\"inLanguage\":\"en-US\"},{\"@type\":\"WebSite\",\"@id\":\"https:\\\/\\\/viscoh.de\\\/#website\",\"url\":\"https:\\\/\\\/viscoh.de\\\/\",\"name\":\"VISCOH\u00a9 | VISCOH, die ultimative Trittschalld\u00e4mmung f\u00fcr schwimmend verlegte Parkettb\u00f6den und Laminatb\u00f6den\",\"description\":\"\",\"potentialAction\":[{\"@type\":\"SearchAction\",\"target\":{\"@type\":\"EntryPoint\",\"urlTemplate\":\"https:\\\/\\\/viscoh.de\\\/?s={search_term_string}\"},\"query-input\":{\"@type\":\"PropertyValueSpecification\",\"valueRequired\":true,\"valueName\":\"search_term_string\"}}],\"inLanguage\":\"en-US\"}]}<\/script>\n<!-- \/ Yoast SEO plugin. -->","yoast_head_json":{"title":"Login - VISCOH\u00a9 | VISCOH, die ultimative Trittschalld\u00e4mmung f\u00fcr schwimmend verlegte Parkettb\u00f6den und Laminatb\u00f6den","description":"DOWNLOADS AROUND VISCOH","robots":{"index":"index","follow":"follow","max-snippet":"max-snippet:-1","max-image-preview":"max-image-preview:large","max-video-preview":"max-video-preview:-1"},"canonical":"https:\/\/viscoh.de\/en\/login\/","og_locale":"en_US","og_type":"article","og_title":"Login - VISCOH\u00a9 | VISCOH, die ultimative Trittschalld\u00e4mmung f\u00fcr schwimmend verlegte Parkettb\u00f6den und Laminatb\u00f6den","og_description":"DOWNLOADS AROUND VISCOH","og_url":"https:\/\/viscoh.de\/en\/login\/","og_site_name":"VISCOH\u00a9 | VISCOH, die ultimative Trittschalld\u00e4mmung f\u00fcr schwimmend verlegte Parkettb\u00f6den und Laminatb\u00f6den","article_modified_time":"2025-08-05T11:22:59+00:00","twitter_card":"summary_large_image","twitter_misc":{"Est. reading time":"15 minutes"},"schema":{"@context":"https:\/\/schema.org","@graph":[{"@type":"WebPage","@id":"https:\/\/viscoh.de\/en\/login\/","url":"https:\/\/viscoh.de\/en\/login\/","name":"Login - VISCOH\u00a9 | VISCOH, die ultimative Trittschalld\u00e4mmung f\u00fcr schwimmend verlegte Parkettb\u00f6den und Laminatb\u00f6den","isPartOf":{"@id":"https:\/\/viscoh.de\/#website"},"datePublished":"2023-03-21T14:03:12+00:00","dateModified":"2025-08-05T11:22:59+00:00","breadcrumb":{"@id":"https:\/\/viscoh.de\/en\/login\/#breadcrumb"},"inLanguage":"en-US"},{"@type":"WebSite","@id":"https:\/\/viscoh.de\/#website","url":"https:\/\/viscoh.de\/","name":"VISCOH\u00a9 | VISCOH, die ultimative Trittschalld\u00e4mmung f\u00fcr schwimmend verlegte Parkettb\u00f6den und Laminatb\u00f6den","description":"","potentialAction":[{"@type":"SearchAction","target":{"@type":"EntryPoint","urlTemplate":"https:\/\/viscoh.de\/?s={search_term_string}"},"query-input":{"@type":"PropertyValueSpecification","valueRequired":true,"valueName":"search_term_string"}}],"inLanguage":"en-US"}]}},"_links":{"self":[{"href":"https:\/\/viscoh.de\/en\/wp-json\/wp\/v2\/pages\/2317","targetHints":{"allow":["GET"]}}],"collection":[{"href":"https:\/\/viscoh.de\/en\/wp-json\/wp\/v2\/pages"}],"about":[{"href":"https:\/\/viscoh.de\/en\/wp-json\/wp\/v2\/types\/page"}],"author":[{"embeddable":true,"href":"https:\/\/viscoh.de\/en\/wp-json\/wp\/v2\/users\/1"}],"replies":[{"embeddable":true,"href":"https:\/\/viscoh.de\/en\/wp-json\/wp\/v2\/comments?post=2317"}],"version-history":[{"count":2,"href":"https:\/\/viscoh.de\/en\/wp-json\/wp\/v2\/pages\/2317\/revisions"}],"predecessor-version":[{"id":2319,"href":"https:\/\/viscoh.de\/en\/wp-json\/wp\/v2\/pages\/2317\/revisions\/2319"}],"wp:attachment":[{"href":"https:\/\/viscoh.de\/en\/wp-json\/wp\/v2\/media?parent=2317"}],"wp:term":[{"taxonomy":"folder","embeddable":true,"href":"https:\/\/viscoh.de\/en\/wp-json\/wp\/v2\/folder?post=2317"}],"curies":[{"name":"wp","href":"https:\/\/api.w.org\/{rel}","templated":true}]}}