{"id":2286,"date":"2023-03-21T14:39:06","date_gmt":"2023-03-21T13:39:06","guid":{"rendered":"https:\/\/viscoh.de\/eplf-anforderungen-laminat-unterlagen\/"},"modified":"2025-08-05T13:13:26","modified_gmt":"2025-08-05T11:13:26","slug":"eplf-requirements-for-laminate-underlays","status":"publish","type":"page","link":"https:\/\/viscoh.de\/en\/eplf-requirements-for-laminate-underlays\/","title":{"rendered":"EPLF requirements for laminate underlays"},"content":{"rendered":"","protected":false},"excerpt":{"rendered":"","protected":false},"author":1,"featured_media":0,"parent":0,"menu_order":0,"comment_status":"closed","ping_status":"closed","template":"","meta":{"inline_featured_image":false,"footnotes":""},"folder":[],"class_list":["post-2286","page","type-page","status-publish","hentry"],"yoast_head":"<!-- This site is optimized with the Yoast SEO plugin v27.4 - https:\/\/yoast.com\/product\/yoast-seo-wordpress\/ -->\n<title>EPLF | VISCOH\u00a9<\/title>\n<meta name=\"description\" content=\"Technical requirements for laminate underlays (extract from the EPLF information sheet \u2013 That\u2019s how laminate finds the appropriate underlay)\" \/>\n<meta name=\"robots\" content=\"index, follow, max-snippet:-1, max-image-preview:large, max-video-preview:-1\" \/>\n<link rel=\"canonical\" href=\"https:\/\/viscoh.de\/en\/eplf-requirements-for-laminate-underlays\/\" \/>\n<meta property=\"og:locale\" content=\"en_US\" \/>\n<meta property=\"og:type\" content=\"article\" \/>\n<meta property=\"og:title\" content=\"EPLF | VISCOH\u00a9\" \/>\n<meta property=\"og:description\" content=\"Technical requirements for laminate underlays (extract from the EPLF information sheet \u2013 That\u2019s how laminate finds the appropriate underlay)\" \/>\n<meta property=\"og:url\" content=\"https:\/\/viscoh.de\/en\/eplf-requirements-for-laminate-underlays\/\" \/>\n<meta property=\"og:site_name\" content=\"VISCOH\u00a9 | VISCOH, die ultimative Trittschalld\u00e4mmung f\u00fcr schwimmend verlegte Parkettb\u00f6den und Laminatb\u00f6den\" \/>\n<meta property=\"article:modified_time\" content=\"2025-08-05T11:13:26+00:00\" \/>\n<meta name=\"twitter:card\" content=\"summary_large_image\" \/>\n<meta name=\"twitter:label1\" content=\"Est. reading time\" \/>\n\t<meta name=\"twitter:data1\" content=\"8 minutes\" \/>\n<script type=\"application\/ld+json\" class=\"yoast-schema-graph\">{\"@context\":\"https:\\\/\\\/schema.org\",\"@graph\":[{\"@type\":\"WebPage\",\"@id\":\"https:\\\/\\\/viscoh.de\\\/en\\\/eplf-requirements-for-laminate-underlays\\\/\",\"url\":\"https:\\\/\\\/viscoh.de\\\/en\\\/eplf-requirements-for-laminate-underlays\\\/\",\"name\":\"EPLF | VISCOH\u00a9\",\"isPartOf\":{\"@id\":\"https:\\\/\\\/viscoh.de\\\/#website\"},\"datePublished\":\"2023-03-21T13:39:06+00:00\",\"dateModified\":\"2025-08-05T11:13:26+00:00\",\"description\":\"Technical requirements for laminate underlays (extract from the EPLF information sheet \u2013 That\u2019s how laminate finds the appropriate underlay)\",\"breadcrumb\":{\"@id\":\"https:\\\/\\\/viscoh.de\\\/en\\\/eplf-requirements-for-laminate-underlays\\\/#breadcrumb\"},\"inLanguage\":\"en-US\",\"potentialAction\":[{\"@type\":\"ReadAction\",\"target\":[\"https:\\\/\\\/viscoh.de\\\/en\\\/eplf-requirements-for-laminate-underlays\\\/\"]}]},{\"@type\":\"BreadcrumbList\",\"@id\":\"https:\\\/\\\/viscoh.de\\\/en\\\/eplf-requirements-for-laminate-underlays\\\/#breadcrumb\",\"itemListElement\":[{\"@type\":\"ListItem\",\"position\":1,\"name\":\"Startseite\",\"item\":\"https:\\\/\\\/viscoh.de\\\/en\\\/\"},{\"@type\":\"ListItem\",\"position\":2,\"name\":\"EPLF requirements for laminate underlays\"}]},{\"@type\":\"WebSite\",\"@id\":\"https:\\\/\\\/viscoh.de\\\/#website\",\"url\":\"https:\\\/\\\/viscoh.de\\\/\",\"name\":\"VISCOH\u00a9 | VISCOH, die ultimative Trittschalld\u00e4mmung f\u00fcr schwimmend verlegte Parkettb\u00f6den und Laminatb\u00f6den\",\"description\":\"\",\"potentialAction\":[{\"@type\":\"SearchAction\",\"target\":{\"@type\":\"EntryPoint\",\"urlTemplate\":\"https:\\\/\\\/viscoh.de\\\/?s={search_term_string}\"},\"query-input\":{\"@type\":\"PropertyValueSpecification\",\"valueRequired\":true,\"valueName\":\"search_term_string\"}}],\"inLanguage\":\"en-US\"}]}<\/script>\n<!-- \/ Yoast SEO plugin. -->","yoast_head_json":{"title":"EPLF | VISCOH\u00a9","description":"Technical requirements for laminate underlays (extract from the EPLF information sheet \u2013 That\u2019s how laminate finds the appropriate underlay)","robots":{"index":"index","follow":"follow","max-snippet":"max-snippet:-1","max-image-preview":"max-image-preview:large","max-video-preview":"max-video-preview:-1"},"canonical":"https:\/\/viscoh.de\/en\/eplf-requirements-for-laminate-underlays\/","og_locale":"en_US","og_type":"article","og_title":"EPLF | VISCOH\u00a9","og_description":"Technical requirements for laminate underlays (extract from the EPLF information sheet \u2013 That\u2019s how laminate finds the appropriate underlay)","og_url":"https:\/\/viscoh.de\/en\/eplf-requirements-for-laminate-underlays\/","og_site_name":"VISCOH\u00a9 | VISCOH, die ultimative Trittschalld\u00e4mmung f\u00fcr schwimmend verlegte Parkettb\u00f6den und Laminatb\u00f6den","article_modified_time":"2025-08-05T11:13:26+00:00","twitter_card":"summary_large_image","twitter_misc":{"Est. reading time":"8 minutes"},"schema":{"@context":"https:\/\/schema.org","@graph":[{"@type":"WebPage","@id":"https:\/\/viscoh.de\/en\/eplf-requirements-for-laminate-underlays\/","url":"https:\/\/viscoh.de\/en\/eplf-requirements-for-laminate-underlays\/","name":"EPLF | VISCOH\u00a9","isPartOf":{"@id":"https:\/\/viscoh.de\/#website"},"datePublished":"2023-03-21T13:39:06+00:00","dateModified":"2025-08-05T11:13:26+00:00","description":"Technical requirements for laminate underlays (extract from the EPLF information sheet \u2013 That\u2019s how laminate finds the appropriate underlay)","breadcrumb":{"@id":"https:\/\/viscoh.de\/en\/eplf-requirements-for-laminate-underlays\/#breadcrumb"},"inLanguage":"en-US","potentialAction":[{"@type":"ReadAction","target":["https:\/\/viscoh.de\/en\/eplf-requirements-for-laminate-underlays\/"]}]},{"@type":"BreadcrumbList","@id":"https:\/\/viscoh.de\/en\/eplf-requirements-for-laminate-underlays\/#breadcrumb","itemListElement":[{"@type":"ListItem","position":1,"name":"Startseite","item":"https:\/\/viscoh.de\/en\/"},{"@type":"ListItem","position":2,"name":"EPLF requirements for laminate underlays"}]},{"@type":"WebSite","@id":"https:\/\/viscoh.de\/#website","url":"https:\/\/viscoh.de\/","name":"VISCOH\u00a9 | VISCOH, die ultimative Trittschalld\u00e4mmung f\u00fcr schwimmend verlegte Parkettb\u00f6den und Laminatb\u00f6den","description":"","potentialAction":[{"@type":"SearchAction","target":{"@type":"EntryPoint","urlTemplate":"https:\/\/viscoh.de\/?s={search_term_string}"},"query-input":{"@type":"PropertyValueSpecification","valueRequired":true,"valueName":"search_term_string"}}],"inLanguage":"en-US"}]}},"_links":{"self":[{"href":"https:\/\/viscoh.de\/en\/wp-json\/wp\/v2\/pages\/2286","targetHints":{"allow":["GET"]}}],"collection":[{"href":"https:\/\/viscoh.de\/en\/wp-json\/wp\/v2\/pages"}],"about":[{"href":"https:\/\/viscoh.de\/en\/wp-json\/wp\/v2\/types\/page"}],"author":[{"embeddable":true,"href":"https:\/\/viscoh.de\/en\/wp-json\/wp\/v2\/users\/1"}],"replies":[{"embeddable":true,"href":"https:\/\/viscoh.de\/en\/wp-json\/wp\/v2\/comments?post=2286"}],"version-history":[{"count":1,"href":"https:\/\/viscoh.de\/en\/wp-json\/wp\/v2\/pages\/2286\/revisions"}],"predecessor-version":[{"id":2287,"href":"https:\/\/viscoh.de\/en\/wp-json\/wp\/v2\/pages\/2286\/revisions\/2287"}],"wp:attachment":[{"href":"https:\/\/viscoh.de\/en\/wp-json\/wp\/v2\/media?parent=2286"}],"wp:term":[{"taxonomy":"folder","embeddable":true,"href":"https:\/\/viscoh.de\/en\/wp-json\/wp\/v2\/folder?post=2286"}],"curies":[{"name":"wp","href":"https:\/\/api.w.org\/{rel}","templated":true}]}}