{"id":2263,"date":"2023-03-22T10:46:45","date_gmt":"2023-03-22T09:46:45","guid":{"rendered":"https:\/\/viscoh.de\/?page_id=2263"},"modified":"2025-08-05T13:05:48","modified_gmt":"2025-08-05T11:05:48","slug":"self-adhesive-for-dryback-design-flooring","status":"publish","type":"page","link":"https:\/\/viscoh.de\/en\/self-adhesive-for-dryback-design-flooring\/","title":{"rendered":"Self-adhesive for dryback design flooring"},"content":{"rendered":"","protected":false},"excerpt":{"rendered":"","protected":false},"author":1,"featured_media":0,"parent":0,"menu_order":0,"comment_status":"closed","ping_status":"closed","template":"","meta":{"inline_featured_image":false,"footnotes":""},"folder":[],"class_list":["post-2263","page","type-page","status-publish","hentry"],"yoast_head":"<!-- This site is optimized with the Yoast SEO plugin v27.4 - https:\/\/yoast.com\/product\/yoast-seo-wordpress\/ -->\n<title>Self-adhesive for dryback design flooring | VISCOH\u00a9<\/title>\n<meta name=\"description\" content=\"VINYL SK is the alternative to full-surface bonding of adhesive design planks from 2 mm thickness.\" \/>\n<meta name=\"robots\" content=\"index, follow, max-snippet:-1, max-image-preview:large, max-video-preview:-1\" \/>\n<link rel=\"canonical\" href=\"https:\/\/viscoh.de\/en\/self-adhesive-for-dryback-design-flooring\/\" \/>\n<meta property=\"og:locale\" content=\"en_US\" \/>\n<meta property=\"og:type\" content=\"article\" \/>\n<meta property=\"og:title\" content=\"Self-adhesive for dryback design flooring | VISCOH\u00a9\" \/>\n<meta property=\"og:description\" content=\"VINYL SK is the alternative to full-surface bonding of adhesive design planks from 2 mm thickness.\" \/>\n<meta property=\"og:url\" content=\"https:\/\/viscoh.de\/en\/self-adhesive-for-dryback-design-flooring\/\" \/>\n<meta property=\"og:site_name\" content=\"VISCOH\u00a9 | VISCOH, die ultimative Trittschalld\u00e4mmung f\u00fcr schwimmend verlegte Parkettb\u00f6den und Laminatb\u00f6den\" \/>\n<meta property=\"article:modified_time\" content=\"2025-08-05T11:05:48+00:00\" \/>\n<meta name=\"twitter:card\" content=\"summary_large_image\" \/>\n<meta name=\"twitter:label1\" content=\"Est. reading time\" \/>\n\t<meta name=\"twitter:data1\" content=\"6 minutes\" \/>\n<script type=\"application\/ld+json\" class=\"yoast-schema-graph\">{\"@context\":\"https:\\\/\\\/schema.org\",\"@graph\":[{\"@type\":\"WebPage\",\"@id\":\"https:\\\/\\\/viscoh.de\\\/en\\\/self-adhesive-for-dryback-design-flooring\\\/\",\"url\":\"https:\\\/\\\/viscoh.de\\\/en\\\/self-adhesive-for-dryback-design-flooring\\\/\",\"name\":\"Self-adhesive for dryback design flooring | VISCOH\u00a9\",\"isPartOf\":{\"@id\":\"https:\\\/\\\/viscoh.de\\\/#website\"},\"datePublished\":\"2023-03-22T09:46:45+00:00\",\"dateModified\":\"2025-08-05T11:05:48+00:00\",\"description\":\"VINYL SK is the alternative to full-surface bonding of adhesive design planks from 2 mm thickness.\",\"breadcrumb\":{\"@id\":\"https:\\\/\\\/viscoh.de\\\/en\\\/self-adhesive-for-dryback-design-flooring\\\/#breadcrumb\"},\"inLanguage\":\"en-US\",\"potentialAction\":[{\"@type\":\"ReadAction\",\"target\":[\"https:\\\/\\\/viscoh.de\\\/en\\\/self-adhesive-for-dryback-design-flooring\\\/\"]}]},{\"@type\":\"BreadcrumbList\",\"@id\":\"https:\\\/\\\/viscoh.de\\\/en\\\/self-adhesive-for-dryback-design-flooring\\\/#breadcrumb\",\"itemListElement\":[{\"@type\":\"ListItem\",\"position\":1,\"name\":\"Startseite\",\"item\":\"https:\\\/\\\/viscoh.de\\\/en\\\/\"},{\"@type\":\"ListItem\",\"position\":2,\"name\":\"Self-adhesive for dryback design flooring\"}]},{\"@type\":\"WebSite\",\"@id\":\"https:\\\/\\\/viscoh.de\\\/#website\",\"url\":\"https:\\\/\\\/viscoh.de\\\/\",\"name\":\"VISCOH\u00a9 | VISCOH, die ultimative Trittschalld\u00e4mmung f\u00fcr schwimmend verlegte Parkettb\u00f6den und Laminatb\u00f6den\",\"description\":\"\",\"potentialAction\":[{\"@type\":\"SearchAction\",\"target\":{\"@type\":\"EntryPoint\",\"urlTemplate\":\"https:\\\/\\\/viscoh.de\\\/?s={search_term_string}\"},\"query-input\":{\"@type\":\"PropertyValueSpecification\",\"valueRequired\":true,\"valueName\":\"search_term_string\"}}],\"inLanguage\":\"en-US\"}]}<\/script>\n<!-- \/ Yoast SEO plugin. -->","yoast_head_json":{"title":"Self-adhesive for dryback design flooring | VISCOH\u00a9","description":"VINYL SK is the alternative to full-surface bonding of adhesive design planks from 2 mm thickness.","robots":{"index":"index","follow":"follow","max-snippet":"max-snippet:-1","max-image-preview":"max-image-preview:large","max-video-preview":"max-video-preview:-1"},"canonical":"https:\/\/viscoh.de\/en\/self-adhesive-for-dryback-design-flooring\/","og_locale":"en_US","og_type":"article","og_title":"Self-adhesive for dryback design flooring | VISCOH\u00a9","og_description":"VINYL SK is the alternative to full-surface bonding of adhesive design planks from 2 mm thickness.","og_url":"https:\/\/viscoh.de\/en\/self-adhesive-for-dryback-design-flooring\/","og_site_name":"VISCOH\u00a9 | VISCOH, die ultimative Trittschalld\u00e4mmung f\u00fcr schwimmend verlegte Parkettb\u00f6den und Laminatb\u00f6den","article_modified_time":"2025-08-05T11:05:48+00:00","twitter_card":"summary_large_image","twitter_misc":{"Est. reading time":"6 minutes"},"schema":{"@context":"https:\/\/schema.org","@graph":[{"@type":"WebPage","@id":"https:\/\/viscoh.de\/en\/self-adhesive-for-dryback-design-flooring\/","url":"https:\/\/viscoh.de\/en\/self-adhesive-for-dryback-design-flooring\/","name":"Self-adhesive for dryback design flooring | VISCOH\u00a9","isPartOf":{"@id":"https:\/\/viscoh.de\/#website"},"datePublished":"2023-03-22T09:46:45+00:00","dateModified":"2025-08-05T11:05:48+00:00","description":"VINYL SK is the alternative to full-surface bonding of adhesive design planks from 2 mm thickness.","breadcrumb":{"@id":"https:\/\/viscoh.de\/en\/self-adhesive-for-dryback-design-flooring\/#breadcrumb"},"inLanguage":"en-US","potentialAction":[{"@type":"ReadAction","target":["https:\/\/viscoh.de\/en\/self-adhesive-for-dryback-design-flooring\/"]}]},{"@type":"BreadcrumbList","@id":"https:\/\/viscoh.de\/en\/self-adhesive-for-dryback-design-flooring\/#breadcrumb","itemListElement":[{"@type":"ListItem","position":1,"name":"Startseite","item":"https:\/\/viscoh.de\/en\/"},{"@type":"ListItem","position":2,"name":"Self-adhesive for dryback design flooring"}]},{"@type":"WebSite","@id":"https:\/\/viscoh.de\/#website","url":"https:\/\/viscoh.de\/","name":"VISCOH\u00a9 | VISCOH, die ultimative Trittschalld\u00e4mmung f\u00fcr schwimmend verlegte Parkettb\u00f6den und Laminatb\u00f6den","description":"","potentialAction":[{"@type":"SearchAction","target":{"@type":"EntryPoint","urlTemplate":"https:\/\/viscoh.de\/?s={search_term_string}"},"query-input":{"@type":"PropertyValueSpecification","valueRequired":true,"valueName":"search_term_string"}}],"inLanguage":"en-US"}]}},"_links":{"self":[{"href":"https:\/\/viscoh.de\/en\/wp-json\/wp\/v2\/pages\/2263","targetHints":{"allow":["GET"]}}],"collection":[{"href":"https:\/\/viscoh.de\/en\/wp-json\/wp\/v2\/pages"}],"about":[{"href":"https:\/\/viscoh.de\/en\/wp-json\/wp\/v2\/types\/page"}],"author":[{"embeddable":true,"href":"https:\/\/viscoh.de\/en\/wp-json\/wp\/v2\/users\/1"}],"replies":[{"embeddable":true,"href":"https:\/\/viscoh.de\/en\/wp-json\/wp\/v2\/comments?post=2263"}],"version-history":[{"count":4,"href":"https:\/\/viscoh.de\/en\/wp-json\/wp\/v2\/pages\/2263\/revisions"}],"predecessor-version":[{"id":2267,"href":"https:\/\/viscoh.de\/en\/wp-json\/wp\/v2\/pages\/2263\/revisions\/2267"}],"wp:attachment":[{"href":"https:\/\/viscoh.de\/en\/wp-json\/wp\/v2\/media?parent=2263"}],"wp:term":[{"taxonomy":"folder","embeddable":true,"href":"https:\/\/viscoh.de\/en\/wp-json\/wp\/v2\/folder?post=2263"}],"curies":[{"name":"wp","href":"https:\/\/api.w.org\/{rel}","templated":true}]}}