{"id":1365,"date":"2023-07-10T15:18:53","date_gmt":"2023-07-10T13:18:53","guid":{"rendered":"https:\/\/viscoh.de\/test-de\/"},"modified":"2023-07-10T15:20:02","modified_gmt":"2023-07-10T13:20:02","slug":"test-de","status":"publish","type":"page","link":"https:\/\/viscoh.de\/en\/test-de\/","title":{"rendered":"TEST EN"},"content":{"rendered":"","protected":false},"excerpt":{"rendered":"","protected":false},"author":2,"featured_media":0,"parent":0,"menu_order":0,"comment_status":"closed","ping_status":"closed","template":"","meta":{"inline_featured_image":false,"footnotes":""},"folder":[],"class_list":["post-1365","page","type-page","status-publish","hentry"],"yoast_head":"<!-- This site is optimized with the Yoast SEO plugin v27.4 - https:\/\/yoast.com\/product\/yoast-seo-wordpress\/ -->\n<title>TEST EN - VISCOH\u00a9 | VISCOH, die ultimative Trittschalld\u00e4mmung f\u00fcr schwimmend verlegte Parkettb\u00f6den und Laminatb\u00f6den<\/title>\n<meta name=\"robots\" content=\"index, follow, max-snippet:-1, max-image-preview:large, max-video-preview:-1\" \/>\n<link rel=\"canonical\" href=\"https:\/\/viscoh.de\/en\/test-de\/\" \/>\n<meta property=\"og:locale\" content=\"en_US\" \/>\n<meta property=\"og:type\" content=\"article\" \/>\n<meta property=\"og:title\" content=\"TEST EN - VISCOH\u00a9 | VISCOH, die ultimative Trittschalld\u00e4mmung f\u00fcr schwimmend verlegte Parkettb\u00f6den und Laminatb\u00f6den\" \/>\n<meta property=\"og:url\" content=\"https:\/\/viscoh.de\/en\/test-de\/\" \/>\n<meta property=\"og:site_name\" content=\"VISCOH\u00a9 | VISCOH, die ultimative Trittschalld\u00e4mmung f\u00fcr schwimmend verlegte Parkettb\u00f6den und Laminatb\u00f6den\" \/>\n<meta property=\"article:modified_time\" content=\"2023-07-10T13:20:02+00:00\" \/>\n<meta name=\"twitter:card\" content=\"summary_large_image\" \/>\n<script type=\"application\/ld+json\" class=\"yoast-schema-graph\">{\"@context\":\"https:\\\/\\\/schema.org\",\"@graph\":[{\"@type\":\"WebPage\",\"@id\":\"https:\\\/\\\/viscoh.de\\\/en\\\/test-de\\\/\",\"url\":\"https:\\\/\\\/viscoh.de\\\/en\\\/test-de\\\/\",\"name\":\"TEST EN - VISCOH\u00a9 | VISCOH, die ultimative Trittschalld\u00e4mmung f\u00fcr schwimmend verlegte Parkettb\u00f6den und Laminatb\u00f6den\",\"isPartOf\":{\"@id\":\"https:\\\/\\\/viscoh.de\\\/#website\"},\"datePublished\":\"2023-07-10T13:18:53+00:00\",\"dateModified\":\"2023-07-10T13:20:02+00:00\",\"breadcrumb\":{\"@id\":\"https:\\\/\\\/viscoh.de\\\/en\\\/test-de\\\/#breadcrumb\"},\"inLanguage\":\"en-US\",\"potentialAction\":[{\"@type\":\"ReadAction\",\"target\":[\"https:\\\/\\\/viscoh.de\\\/en\\\/test-de\\\/\"]}]},{\"@type\":\"BreadcrumbList\",\"@id\":\"https:\\\/\\\/viscoh.de\\\/en\\\/test-de\\\/#breadcrumb\",\"itemListElement\":[{\"@type\":\"ListItem\",\"position\":1,\"name\":\"Startseite\",\"item\":\"https:\\\/\\\/viscoh.de\\\/en\\\/\"},{\"@type\":\"ListItem\",\"position\":2,\"name\":\"TEST EN\"}]},{\"@type\":\"WebSite\",\"@id\":\"https:\\\/\\\/viscoh.de\\\/#website\",\"url\":\"https:\\\/\\\/viscoh.de\\\/\",\"name\":\"VISCOH\u00a9 | VISCOH, die ultimative Trittschalld\u00e4mmung f\u00fcr schwimmend verlegte Parkettb\u00f6den und Laminatb\u00f6den\",\"description\":\"\",\"potentialAction\":[{\"@type\":\"SearchAction\",\"target\":{\"@type\":\"EntryPoint\",\"urlTemplate\":\"https:\\\/\\\/viscoh.de\\\/?s={search_term_string}\"},\"query-input\":{\"@type\":\"PropertyValueSpecification\",\"valueRequired\":true,\"valueName\":\"search_term_string\"}}],\"inLanguage\":\"en-US\"}]}<\/script>\n<!-- \/ Yoast SEO plugin. -->","yoast_head_json":{"title":"TEST EN - VISCOH\u00a9 | VISCOH, die ultimative Trittschalld\u00e4mmung f\u00fcr schwimmend verlegte Parkettb\u00f6den und Laminatb\u00f6den","robots":{"index":"index","follow":"follow","max-snippet":"max-snippet:-1","max-image-preview":"max-image-preview:large","max-video-preview":"max-video-preview:-1"},"canonical":"https:\/\/viscoh.de\/en\/test-de\/","og_locale":"en_US","og_type":"article","og_title":"TEST EN - VISCOH\u00a9 | VISCOH, die ultimative Trittschalld\u00e4mmung f\u00fcr schwimmend verlegte Parkettb\u00f6den und Laminatb\u00f6den","og_url":"https:\/\/viscoh.de\/en\/test-de\/","og_site_name":"VISCOH\u00a9 | VISCOH, die ultimative Trittschalld\u00e4mmung f\u00fcr schwimmend verlegte Parkettb\u00f6den und Laminatb\u00f6den","article_modified_time":"2023-07-10T13:20:02+00:00","twitter_card":"summary_large_image","schema":{"@context":"https:\/\/schema.org","@graph":[{"@type":"WebPage","@id":"https:\/\/viscoh.de\/en\/test-de\/","url":"https:\/\/viscoh.de\/en\/test-de\/","name":"TEST EN - VISCOH\u00a9 | VISCOH, die ultimative Trittschalld\u00e4mmung f\u00fcr schwimmend verlegte Parkettb\u00f6den und Laminatb\u00f6den","isPartOf":{"@id":"https:\/\/viscoh.de\/#website"},"datePublished":"2023-07-10T13:18:53+00:00","dateModified":"2023-07-10T13:20:02+00:00","breadcrumb":{"@id":"https:\/\/viscoh.de\/en\/test-de\/#breadcrumb"},"inLanguage":"en-US","potentialAction":[{"@type":"ReadAction","target":["https:\/\/viscoh.de\/en\/test-de\/"]}]},{"@type":"BreadcrumbList","@id":"https:\/\/viscoh.de\/en\/test-de\/#breadcrumb","itemListElement":[{"@type":"ListItem","position":1,"name":"Startseite","item":"https:\/\/viscoh.de\/en\/"},{"@type":"ListItem","position":2,"name":"TEST EN"}]},{"@type":"WebSite","@id":"https:\/\/viscoh.de\/#website","url":"https:\/\/viscoh.de\/","name":"VISCOH\u00a9 | VISCOH, die ultimative Trittschalld\u00e4mmung f\u00fcr schwimmend verlegte Parkettb\u00f6den und Laminatb\u00f6den","description":"","potentialAction":[{"@type":"SearchAction","target":{"@type":"EntryPoint","urlTemplate":"https:\/\/viscoh.de\/?s={search_term_string}"},"query-input":{"@type":"PropertyValueSpecification","valueRequired":true,"valueName":"search_term_string"}}],"inLanguage":"en-US"}]}},"_links":{"self":[{"href":"https:\/\/viscoh.de\/en\/wp-json\/wp\/v2\/pages\/1365","targetHints":{"allow":["GET"]}}],"collection":[{"href":"https:\/\/viscoh.de\/en\/wp-json\/wp\/v2\/pages"}],"about":[{"href":"https:\/\/viscoh.de\/en\/wp-json\/wp\/v2\/types\/page"}],"author":[{"embeddable":true,"href":"https:\/\/viscoh.de\/en\/wp-json\/wp\/v2\/users\/2"}],"replies":[{"embeddable":true,"href":"https:\/\/viscoh.de\/en\/wp-json\/wp\/v2\/comments?post=1365"}],"version-history":[{"count":2,"href":"https:\/\/viscoh.de\/en\/wp-json\/wp\/v2\/pages\/1365\/revisions"}],"predecessor-version":[{"id":1368,"href":"https:\/\/viscoh.de\/en\/wp-json\/wp\/v2\/pages\/1365\/revisions\/1368"}],"wp:attachment":[{"href":"https:\/\/viscoh.de\/en\/wp-json\/wp\/v2\/media?parent=1365"}],"wp:term":[{"taxonomy":"folder","embeddable":true,"href":"https:\/\/viscoh.de\/en\/wp-json\/wp\/v2\/folder?post=1365"}],"curies":[{"name":"wp","href":"https:\/\/api.w.org\/{rel}","templated":true}]}}